{"id":1474,"date":"2020-09-21T13:22:57","date_gmt":"2020-09-21T13:22:57","guid":{"rendered":"https:\/\/rielacomimpex.ro\/?page_id=1474"},"modified":"2026-04-01T12:23:29","modified_gmt":"2026-04-01T12:23:29","slug":"despre-riela","status":"publish","type":"page","link":"https:\/\/rielacomimpex.ro\/en\/despre-riela\/","title":{"rendered":"DESPRE NOI"},"content":{"rendered":"<div data-elementor-type=\"wp-page\" data-elementor-id=\"1474\" class=\"elementor elementor-1474\">\n\t\t\t\t\t\t<div class=\"elementor-inner\">\n\t\t\t\t<div class=\"elementor-section-wrap\">\n\t\t\t\t\t\t\t\t\t<section class=\"elementor-section elementor-top-section elementor-element elementor-element-f640545 elementor-section-boxed elementor-section-height-default elementor-section-height-default elementor-invisible\" data-id=\"f640545\" data-element_type=\"section\" data-settings=\"{&quot;animation&quot;:&quot;pulse&quot;,&quot;background_background&quot;:&quot;classic&quot;}\">\n\t\t\t\t\t\t<div class=\"elementor-container elementor-column-gap-default\">\n\t\t\t\t\t\t\t<div class=\"elementor-row\">\n\t\t\t\t\t<div class=\"elementor-column elementor-col-100 elementor-top-column elementor-element elementor-element-366047a\" data-id=\"366047a\" data-element_type=\"column\">\n\t\t\t<div class=\"elementor-column-wrap elementor-element-populated\">\n\t\t\t\t\t\t\t<div class=\"elementor-widget-wrap\">\n\t\t\t\t\t\t<div class=\"elementor-element elementor-element-8b30c09 elementor-widget elementor-widget-image\" data-id=\"8b30c09\" data-element_type=\"widget\" data-widget_type=\"image.default\">\n\t\t\t\t<div class=\"elementor-widget-container\">\n\t\t\t\t\t\t\t\t<div class=\"elementor-image\">\n\t\t\t\t\t\t\t\t\t\t\t\t<img loading=\"lazy\" decoding=\"async\" width=\"400\" height=\"100\" src=\"https:\/\/rielacomimpex.ro\/wp-content\/uploads\/2026\/04\/riela-logo-26-c.svg?t=1776677429\" class=\"attachment-1536x1536 size-1536x1536 wp-image-1798\" alt=\"\" \/>\t\t\t\t\t\t\t\t\t\t\t\t\t\t<\/div>\n\t\t\t\t\t\t<\/div>\n\t\t\t\t<\/div>\n\t\t\t\t\t\t<\/div>\n\t\t\t\t\t<\/div>\n\t\t<\/div>\n\t\t\t\t\t\t\t\t<\/div>\n\t\t\t\t\t<\/div>\n\t\t<\/section>\n\t\t\t\t<section class=\"elementor-section elementor-top-section elementor-element elementor-element-0efa42d elementor-section-boxed elementor-section-height-default elementor-section-height-default\" data-id=\"0efa42d\" data-element_type=\"section\" data-settings=\"{&quot;background_background&quot;:&quot;classic&quot;}\">\n\t\t\t\t\t\t<div class=\"elementor-container elementor-column-gap-default\">\n\t\t\t\t\t\t\t<div class=\"elementor-row\">\n\t\t\t\t\t<div class=\"elementor-column elementor-col-100 elementor-top-column elementor-element elementor-element-f6aa45d\" data-id=\"f6aa45d\" data-element_type=\"column\">\n\t\t\t<div class=\"elementor-column-wrap elementor-element-populated\">\n\t\t\t\t\t\t\t<div class=\"elementor-widget-wrap\">\n\t\t\t\t\t\t<div class=\"elementor-element elementor-element-05bd2ff elementor-widget elementor-widget-heading\" data-id=\"05bd2ff\" data-element_type=\"widget\" data-widget_type=\"heading.default\">\n\t\t\t\t<div class=\"elementor-widget-container\">\n\t\t\t<h2 class=\"elementor-heading-title elementor-size-default\">ABOUT RIELA<\/h2>\t\t<\/div>\n\t\t\t\t<\/div>\n\t\t\t\t\t\t<\/div>\n\t\t\t\t\t<\/div>\n\t\t<\/div>\n\t\t\t\t\t\t\t\t<\/div>\n\t\t\t\t\t<\/div>\n\t\t<\/section>\n\t\t\t\t<section class=\"elementor-section elementor-top-section elementor-element elementor-element-e45b60b elementor-section-boxed elementor-section-height-default elementor-section-height-default\" data-id=\"e45b60b\" data-element_type=\"section\" data-settings=\"{&quot;background_background&quot;:&quot;classic&quot;}\">\n\t\t\t\t\t\t<div class=\"elementor-container elementor-column-gap-default\">\n\t\t\t\t\t\t\t<div class=\"elementor-row\">\n\t\t\t\t\t<div class=\"elementor-column elementor-col-50 elementor-top-column elementor-element elementor-element-d95600b\" data-id=\"d95600b\" data-element_type=\"column\">\n\t\t\t<div class=\"elementor-column-wrap elementor-element-populated\">\n\t\t\t\t\t\t\t<div class=\"elementor-widget-wrap\">\n\t\t\t\t\t\t<div class=\"elementor-element elementor-element-06e4c1d elementor-widget elementor-widget-text-editor\" data-id=\"06e4c1d\" data-element_type=\"widget\" data-widget_type=\"text-editor.default\">\n\t\t\t\t<div class=\"elementor-widget-container\">\n\t\t\t\t\t\t\t\t<div class=\"elementor-text-editor elementor-clearfix\">\n\t\t\t\t<p style=\"line-height: 150%;\">Firma&nbsp;<strong><span style=\"font-size: 10.0pt; line-height: 150%; font-family: 'Arial','sans-serif'; color: black;\">RIELA COMIMPEX<\/span><\/strong>&nbsp;a fost fondat\u0103 \u00een anul 1994 av\u00e2nd&nbsp;un capital social&nbsp;integral privat rom\u00e2nesc.Produc\u021bia de<br>confectii metalice si subansamble pentruindustria laptelui \u0219i a&nbsp;c\u0103rnii a pus&nbsp;bazele unei fabrici de prelucrarea metalului.<\/p>\n<p style=\"line-height: 150%;\">\u00cen ani iurm\u0103tori,&nbsp;pe m\u0103sura capitaliz\u0103rii firmei,&nbsp;produc\u021bia de confec\u021bii metalice se&nbsp;diversific\u0103, ocazie cu care \u00eencepe colaborarea&nbsp;cu clien\u021bi externi din industria&nbsp;constructoare de ma\u0219ini. \u00cen scurt timp activitatea&nbsp;se extinde \u0219i pe segmentul instala\u021biilor, astfel&nbsp;\u00eenc\u00e2t societatea devine \u00een anul&nbsp;2006 primul produc\u0103tor din \u021bar\u0103 de convectoare \u0219i ventilo convectoare de pardoseal\u0103&nbsp;sub marca Sttiltech.&nbsp;<\/p>\n<p style=\"line-height: 150%;\">\u00cen timp, colaborarea cu designeri de&nbsp;interior cu viziune \u0219i \u00eendr\u0103zneal\u0103, care&nbsp;exploateaz\u0103 stilul industrial \u00een designul<br>de locuin\u021be, face ca societatea s\u0103poat\u0103&nbsp;p\u0103trunde pe pia\u021ba produc\u0103torilor de&nbsp;mobilier.<\/p>\n<p><\/p>\n<p style=\"line-height: 150%;\">Compania noastr\u0103 are \u00een prezent peste 75&nbsp;de angaja\u021bi \u0219i o hal\u0103 de produc\u021bie cu&nbsp;o suprafa\u021b\u0103 de peste 6000&nbsp;de metri p\u0103tra\u021bi.&nbsp;<\/p>\n<p style=\"line-height: 150%;\">Cerin\u021bele pie\u021bei \u0219i dezvoltarea rapid\u0103 a tehnologiei ne-au&nbsp;determinat la diversificarea&nbsp;activit\u0103\u021bilor noastre prin ad\u0103ugarea de&nbsp;sisteme noi, precum utilaje de&nbsp;debitare cu laser, prese tip&nbsp;Abkant controlate CNC.<\/p>\t\t\t\t\t<\/div>\n\t\t\t\t\t\t<\/div>\n\t\t\t\t<\/div>\n\t\t\t\t\t\t<\/div>\n\t\t\t\t\t<\/div>\n\t\t<\/div>\n\t\t\t\t<div class=\"elementor-column elementor-col-50 elementor-top-column elementor-element elementor-element-3232181\" data-id=\"3232181\" data-element_type=\"column\">\n\t\t\t<div class=\"elementor-column-wrap elementor-element-populated\">\n\t\t\t\t\t\t\t<div class=\"elementor-widget-wrap\">\n\t\t\t\t\t\t<div class=\"elementor-element elementor-element-73c2054 elementor-widget elementor-widget-image\" data-id=\"73c2054\" data-element_type=\"widget\" data-widget_type=\"image.default\">\n\t\t\t\t<div class=\"elementor-widget-container\">\n\t\t\t\t\t\t\t\t<div class=\"elementor-image\">\n\t\t\t\t\t\t\t\t\t\t\t\t<img decoding=\"async\" src=\"https:\/\/rielacomimpex.ro\/wp-content\/uploads\/elementor\/thumbs\/abkant-cnc-cluj-4-rlyidl1y9b3skfc3tj5u9505tieco1x8k4w4vg44g8.jpg\" title=\"abkant-cnc-cluj-4\" alt=\"abkant-cnc-cluj-4\" loading=\"lazy\" \/>\t\t\t\t\t\t\t\t\t\t\t\t\t\t<\/div>\n\t\t\t\t\t\t<\/div>\n\t\t\t\t<\/div>\n\t\t\t\t\t\t<\/div>\n\t\t\t\t\t<\/div>\n\t\t<\/div>\n\t\t\t\t\t\t\t\t<\/div>\n\t\t\t\t\t<\/div>\n\t\t<\/section>\n\t\t\t\t<section class=\"elementor-section elementor-top-section elementor-element elementor-element-9225a9d elementor-section-boxed elementor-section-height-default elementor-section-height-default\" data-id=\"9225a9d\" data-element_type=\"section\" data-settings=\"{&quot;background_background&quot;:&quot;classic&quot;}\">\n\t\t\t\t\t\t<div class=\"elementor-container elementor-column-gap-default\">\n\t\t\t\t\t\t\t<div class=\"elementor-row\">\n\t\t\t\t\t<div class=\"elementor-column elementor-col-100 elementor-top-column elementor-element elementor-element-84c99b0\" data-id=\"84c99b0\" data-element_type=\"column\">\n\t\t\t<div class=\"elementor-column-wrap elementor-element-populated\">\n\t\t\t\t\t\t\t<div class=\"elementor-widget-wrap\">\n\t\t\t\t\t\t<div class=\"elementor-element elementor-element-4a73ccb elementor-widget-divider--view-line elementor-widget elementor-widget-divider\" data-id=\"4a73ccb\" data-element_type=\"widget\" data-widget_type=\"divider.default\">\n\t\t\t\t<div class=\"elementor-widget-container\">\n\t\t\t\t\t<div class=\"elementor-divider\">\n\t\t\t<span class=\"elementor-divider-separator\">\n\t\t\t\t\t\t<\/span>\n\t\t<\/div>\n\t\t\t\t<\/div>\n\t\t\t\t<\/div>\n\t\t\t\t\t\t<\/div>\n\t\t\t\t\t<\/div>\n\t\t<\/div>\n\t\t\t\t\t\t\t\t<\/div>\n\t\t\t\t\t<\/div>\n\t\t<\/section>\n\t\t\t\t\t\t\t\t\t<\/div>\n\t\t\t<\/div>\n\t\t\t\t\t<\/div>","protected":false},"excerpt":{"rendered":"<p>DESPRE RIELA Firma&nbsp;RIELA COMIMPEX&nbsp;a fost fondat\u0103 \u00een anul 1994 av\u00e2nd&nbsp;un capital social&nbsp;integral privat rom\u00e2nesc.Produc\u021bia deconfectii metalice si subansamble pentruindustria laptelui \u0219i a&nbsp;c\u0103rnii a pus&nbsp;bazele unei fabrici de prelucrarea metalului. \u00cen ani iurm\u0103tori,&nbsp;pe m\u0103sura capitaliz\u0103rii firmei,&nbsp;produc\u021bia de confec\u021bii metalice se&nbsp;diversific\u0103, ocazie cu care \u00eencepe colaborarea&nbsp;cu clien\u021bi externi din industria&nbsp;constructoare de ma\u0219ini. \u00cen scurt timp activitatea&nbsp;se extinde [&hellip;]<\/p>","protected":false},"author":1,"featured_media":0,"parent":0,"menu_order":0,"comment_status":"closed","ping_status":"closed","template":"template-page-builders.php","meta":{"footnotes":""},"class_list":["post-1474","page","type-page","status-publish","hentry"],"_links":{"self":[{"href":"https:\/\/rielacomimpex.ro\/en\/wp-json\/wp\/v2\/pages\/1474","targetHints":{"allow":["GET"]}}],"collection":[{"href":"https:\/\/rielacomimpex.ro\/en\/wp-json\/wp\/v2\/pages"}],"about":[{"href":"https:\/\/rielacomimpex.ro\/en\/wp-json\/wp\/v2\/types\/page"}],"author":[{"embeddable":true,"href":"https:\/\/rielacomimpex.ro\/en\/wp-json\/wp\/v2\/users\/1"}],"replies":[{"embeddable":true,"href":"https:\/\/rielacomimpex.ro\/en\/wp-json\/wp\/v2\/comments?post=1474"}],"version-history":[{"count":24,"href":"https:\/\/rielacomimpex.ro\/en\/wp-json\/wp\/v2\/pages\/1474\/revisions"}],"predecessor-version":[{"id":1805,"href":"https:\/\/rielacomimpex.ro\/en\/wp-json\/wp\/v2\/pages\/1474\/revisions\/1805"}],"wp:attachment":[{"href":"https:\/\/rielacomimpex.ro\/en\/wp-json\/wp\/v2\/media?parent=1474"}],"curies":[{"name":"wp","href":"https:\/\/api.w.org\/{rel}","templated":true}]}}