{"id":1400,"date":"2020-09-21T11:06:40","date_gmt":"2020-09-21T11:06:40","guid":{"rendered":"https:\/\/rielacomimpex.ro\/?page_id=1400"},"modified":"2021-02-03T15:10:56","modified_gmt":"2021-02-03T15:10:56","slug":"debitare-laser-cnc","status":"publish","type":"page","link":"https:\/\/rielacomimpex.ro\/en\/debitare-laser-cnc\/","title":{"rendered":"CNC LASER CUTTING"},"content":{"rendered":"<div data-elementor-type=\"wp-page\" data-elementor-id=\"1400\" class=\"elementor elementor-1400\">\n\t\t\t\t\t\t<div class=\"elementor-inner\">\n\t\t\t\t<div class=\"elementor-section-wrap\">\n\t\t\t\t\t\t\t\t\t<section class=\"elementor-section elementor-top-section elementor-element elementor-element-04d27ed elementor-section-boxed elementor-section-height-default elementor-section-height-default\" data-id=\"04d27ed\" data-element_type=\"section\" data-settings=\"{&quot;background_background&quot;:&quot;classic&quot;}\">\n\t\t\t\t\t\t<div class=\"elementor-container elementor-column-gap-default\">\n\t\t\t\t\t\t\t<div class=\"elementor-row\">\n\t\t\t\t\t<div class=\"elementor-column elementor-col-100 elementor-top-column elementor-element elementor-element-0527c3e\" data-id=\"0527c3e\" data-element_type=\"column\">\n\t\t\t<div class=\"elementor-column-wrap\">\n\t\t\t\t\t\t\t<div class=\"elementor-widget-wrap\">\n\t\t\t\t\t\t\t\t<\/div>\n\t\t\t\t\t<\/div>\n\t\t<\/div>\n\t\t\t\t\t\t\t\t<\/div>\n\t\t\t\t\t<\/div>\n\t\t<\/section>\n\t\t\t\t<section class=\"elementor-section elementor-top-section elementor-element elementor-element-6437b03 elementor-section-boxed elementor-section-height-default elementor-section-height-default\" data-id=\"6437b03\" data-element_type=\"section\" data-settings=\"{&quot;background_background&quot;:&quot;classic&quot;}\">\n\t\t\t\t\t\t<div class=\"elementor-container elementor-column-gap-default\">\n\t\t\t\t\t\t\t<div class=\"elementor-row\">\n\t\t\t\t\t<div class=\"elementor-column elementor-col-100 elementor-top-column elementor-element elementor-element-7cdee99\" data-id=\"7cdee99\" data-element_type=\"column\">\n\t\t\t<div class=\"elementor-column-wrap elementor-element-populated\">\n\t\t\t\t\t\t\t<div class=\"elementor-widget-wrap\">\n\t\t\t\t\t\t<div class=\"elementor-element elementor-element-6bdcb4e elementor-widget elementor-widget-image\" data-id=\"6bdcb4e\" data-element_type=\"widget\" data-widget_type=\"image.default\">\n\t\t\t\t<div class=\"elementor-widget-container\">\n\t\t\t\t\t\t\t\t<div class=\"elementor-image\">\n\t\t\t\t\t\t\t\t\t\t\t\t<img loading=\"lazy\" decoding=\"async\" width=\"2560\" height=\"657\" src=\"https:\/\/rielacomimpex.ro\/wp-content\/uploads\/2020\/09\/debitare-laserl-cluj-scaled.jpg\" class=\"attachment-full size-full wp-image-1435\" alt=\"\" srcset=\"https:\/\/rielacomimpex.ro\/wp-content\/uploads\/2020\/09\/debitare-laserl-cluj-scaled.jpg 2560w, https:\/\/rielacomimpex.ro\/wp-content\/uploads\/2020\/09\/debitare-laserl-cluj-300x77.jpg 300w, https:\/\/rielacomimpex.ro\/wp-content\/uploads\/2020\/09\/debitare-laserl-cluj-1024x263.jpg 1024w, https:\/\/rielacomimpex.ro\/wp-content\/uploads\/2020\/09\/debitare-laserl-cluj-768x197.jpg 768w, https:\/\/rielacomimpex.ro\/wp-content\/uploads\/2020\/09\/debitare-laserl-cluj-1536x394.jpg 1536w, https:\/\/rielacomimpex.ro\/wp-content\/uploads\/2020\/09\/debitare-laserl-cluj-2048x525.jpg 2048w\" sizes=\"auto, (max-width: 2560px) 100vw, 2560px\" \/>\t\t\t\t\t\t\t\t\t\t\t\t\t\t<\/div>\n\t\t\t\t\t\t<\/div>\n\t\t\t\t<\/div>\n\t\t\t\t\t\t<\/div>\n\t\t\t\t\t<\/div>\n\t\t<\/div>\n\t\t\t\t\t\t\t\t<\/div>\n\t\t\t\t\t<\/div>\n\t\t<\/section>\n\t\t\t\t<section class=\"elementor-section elementor-top-section elementor-element elementor-element-4a03f62 elementor-section-boxed elementor-section-height-default elementor-section-height-default\" data-id=\"4a03f62\" data-element_type=\"section\" data-settings=\"{&quot;background_background&quot;:&quot;classic&quot;}\">\n\t\t\t\t\t\t<div class=\"elementor-container elementor-column-gap-default\">\n\t\t\t\t\t\t\t<div class=\"elementor-row\">\n\t\t\t\t\t<div class=\"elementor-column elementor-col-100 elementor-top-column elementor-element elementor-element-40c1eaa\" data-id=\"40c1eaa\" data-element_type=\"column\">\n\t\t\t<div class=\"elementor-column-wrap elementor-element-populated\">\n\t\t\t\t\t\t\t<div class=\"elementor-widget-wrap\">\n\t\t\t\t\t\t<div class=\"elementor-element elementor-element-6a5ed4c elementor-widget elementor-widget-heading\" data-id=\"6a5ed4c\" data-element_type=\"widget\" data-widget_type=\"heading.default\">\n\t\t\t\t<div class=\"elementor-widget-container\">\n\t\t\t<h2 class=\"elementor-heading-title elementor-size-default\">CNC LASER CUTTING<\/h2>\t\t<\/div>\n\t\t\t\t<\/div>\n\t\t\t\t\t\t<\/div>\n\t\t\t\t\t<\/div>\n\t\t<\/div>\n\t\t\t\t\t\t\t\t<\/div>\n\t\t\t\t\t<\/div>\n\t\t<\/section>\n\t\t\t\t<section class=\"elementor-section elementor-top-section elementor-element elementor-element-ed5006c elementor-section-boxed elementor-section-height-default elementor-section-height-default\" data-id=\"ed5006c\" data-element_type=\"section\" data-settings=\"{&quot;background_background&quot;:&quot;classic&quot;}\">\n\t\t\t\t\t\t<div class=\"elementor-container elementor-column-gap-default\">\n\t\t\t\t\t\t\t<div class=\"elementor-row\">\n\t\t\t\t\t<div class=\"elementor-column elementor-col-100 elementor-top-column elementor-element elementor-element-501c5e9\" data-id=\"501c5e9\" data-element_type=\"column\">\n\t\t\t<div class=\"elementor-column-wrap elementor-element-populated\">\n\t\t\t\t\t\t\t<div class=\"elementor-widget-wrap\">\n\t\t\t\t\t\t<div class=\"elementor-element elementor-element-a08f176 elementor-widget elementor-widget-text-editor\" data-id=\"a08f176\" data-element_type=\"widget\" data-widget_type=\"text-editor.default\">\n\t\t\t\t<div class=\"elementor-widget-container\">\n\t\t\t\t\t\t\t\t<div class=\"elementor-text-editor elementor-clearfix\">\n\t\t\t\t<p><b>Cu noua tehnologie laser fibr\u0103, consumul de energie se \u00eembun\u0103t\u0103\u021be\u0219te&nbsp;considerabil. Eficien\u021ba este 3 ori mai mare dec\u00e2t cea a laserului CO2 datorit\u0103&nbsp;faptului c\u0103 nu are nevoie de o \u00eenc\u0103lzire prealabil\u0103 a sursei de laser.<\/b><\/p>\t\t\t\t\t<\/div>\n\t\t\t\t\t\t<\/div>\n\t\t\t\t<\/div>\n\t\t\t\t\t\t<\/div>\n\t\t\t\t\t<\/div>\n\t\t<\/div>\n\t\t\t\t\t\t\t\t<\/div>\n\t\t\t\t\t<\/div>\n\t\t<\/section>\n\t\t\t\t<section class=\"elementor-section elementor-top-section elementor-element elementor-element-56a1fab elementor-section-boxed elementor-section-height-default elementor-section-height-default\" data-id=\"56a1fab\" data-element_type=\"section\" data-settings=\"{&quot;background_background&quot;:&quot;classic&quot;}\">\n\t\t\t\t\t\t<div class=\"elementor-container elementor-column-gap-default\">\n\t\t\t\t\t\t\t<div class=\"elementor-row\">\n\t\t\t\t\t<div class=\"elementor-column elementor-col-50 elementor-top-column elementor-element elementor-element-627afe6\" data-id=\"627afe6\" data-element_type=\"column\">\n\t\t\t<div class=\"elementor-column-wrap elementor-element-populated\">\n\t\t\t\t\t\t\t<div class=\"elementor-widget-wrap\">\n\t\t\t\t\t\t<div class=\"elementor-element elementor-element-014fc06 elementor-widget elementor-widget-text-editor\" data-id=\"014fc06\" data-element_type=\"widget\" data-widget_type=\"text-editor.default\">\n\t\t\t\t<div class=\"elementor-widget-container\">\n\t\t\t\t\t\t\t\t<div class=\"elementor-text-editor elementor-clearfix\">\n\t\t\t\t<p><strong>Bysprint Fiber Laser cu ByTranssiByTower:<\/strong><\/p>\n<p>Dimensiuni de t\u0103iere:<\/p>\n<p>Putere: 3 KW<\/p>\n<p>Lungimemaxim\u0103: 3000 mm<\/p>\n<p>L\u0103\u021bimemaxim\u0103: 1500 mm<\/p>\n<p><\/p>\n<p>Domeniile de utilizare includ o\u021bel, o\u021belaliat cu crom, aluminiu, cupru, alam\u0103.<\/p>\n<p>Oferim flexibilitate maxim\u0103 pentru serii mari \u0219i comenzi spontane ale clien\u021bilor. Indiferent dac\u0103 se debiteaz\u0103 metale neferoase sau feroase, utilajul de \u00eenalt\u0103 performan\u021b\u0103 exceleaz\u0103 cu precizie maxim\u0103.<\/p>\t\t\t\t\t<\/div>\n\t\t\t\t\t\t<\/div>\n\t\t\t\t<\/div>\n\t\t\t\t\t\t<\/div>\n\t\t\t\t\t<\/div>\n\t\t<\/div>\n\t\t\t\t<div class=\"elementor-column elementor-col-50 elementor-top-column elementor-element elementor-element-bd4f0bb\" data-id=\"bd4f0bb\" data-element_type=\"column\">\n\t\t\t<div class=\"elementor-column-wrap elementor-element-populated\">\n\t\t\t\t\t\t\t<div class=\"elementor-widget-wrap\">\n\t\t\t\t\t\t<div class=\"elementor-element elementor-element-97b6d05 elementor-widget elementor-widget-image\" data-id=\"97b6d05\" data-element_type=\"widget\" data-widget_type=\"image.default\">\n\t\t\t\t<div class=\"elementor-widget-container\">\n\t\t\t\t\t\t\t\t<div class=\"elementor-image\">\n\t\t\t\t\t\t\t\t\t\t\t\t<img loading=\"lazy\" decoding=\"async\" width=\"1214\" height=\"556\" src=\"https:\/\/rielacomimpex.ro\/wp-content\/uploads\/2020\/09\/debitare-laseer-cnc-cluj-1.jpg\" class=\"attachment-full size-full wp-image-1502\" alt=\"\" srcset=\"https:\/\/rielacomimpex.ro\/wp-content\/uploads\/2020\/09\/debitare-laseer-cnc-cluj-1.jpg 1214w, https:\/\/rielacomimpex.ro\/wp-content\/uploads\/2020\/09\/debitare-laseer-cnc-cluj-1-300x137.jpg 300w, https:\/\/rielacomimpex.ro\/wp-content\/uploads\/2020\/09\/debitare-laseer-cnc-cluj-1-1024x469.jpg 1024w, https:\/\/rielacomimpex.ro\/wp-content\/uploads\/2020\/09\/debitare-laseer-cnc-cluj-1-768x352.jpg 768w\" sizes=\"auto, (max-width: 1214px) 100vw, 1214px\" \/>\t\t\t\t\t\t\t\t\t\t\t\t\t\t<\/div>\n\t\t\t\t\t\t<\/div>\n\t\t\t\t<\/div>\n\t\t\t\t\t\t<\/div>\n\t\t\t\t\t<\/div>\n\t\t<\/div>\n\t\t\t\t\t\t\t\t<\/div>\n\t\t\t\t\t<\/div>\n\t\t<\/section>\n\t\t\t\t<section class=\"elementor-section elementor-top-section elementor-element elementor-element-fc89af7 elementor-section-boxed elementor-section-height-default elementor-section-height-default\" data-id=\"fc89af7\" data-element_type=\"section\" data-settings=\"{&quot;background_background&quot;:&quot;classic&quot;}\">\n\t\t\t\t\t\t<div class=\"elementor-container elementor-column-gap-default\">\n\t\t\t\t\t\t\t<div class=\"elementor-row\">\n\t\t\t\t\t<div class=\"elementor-column elementor-col-50 elementor-top-column elementor-element elementor-element-311363f\" data-id=\"311363f\" data-element_type=\"column\">\n\t\t\t<div class=\"elementor-column-wrap elementor-element-populated\">\n\t\t\t\t\t\t\t<div class=\"elementor-widget-wrap\">\n\t\t\t\t\t\t<div class=\"elementor-element elementor-element-1361207 elementor-widget elementor-widget-image\" data-id=\"1361207\" data-element_type=\"widget\" data-widget_type=\"image.default\">\n\t\t\t\t<div class=\"elementor-widget-container\">\n\t\t\t\t\t\t\t\t<div class=\"elementor-image\">\n\t\t\t\t\t\t\t\t\t\t\t\t<img loading=\"lazy\" decoding=\"async\" width=\"1024\" height=\"629\" src=\"https:\/\/rielacomimpex.ro\/wp-content\/uploads\/2020\/09\/debitare-laser-cnc-cluj-3-1024x629.jpg\" class=\"attachment-large size-large wp-image-1508\" alt=\"\" srcset=\"https:\/\/rielacomimpex.ro\/wp-content\/uploads\/2020\/09\/debitare-laser-cnc-cluj-3-1024x629.jpg 1024w, https:\/\/rielacomimpex.ro\/wp-content\/uploads\/2020\/09\/debitare-laser-cnc-cluj-3-300x184.jpg 300w, https:\/\/rielacomimpex.ro\/wp-content\/uploads\/2020\/09\/debitare-laser-cnc-cluj-3-768x472.jpg 768w, https:\/\/rielacomimpex.ro\/wp-content\/uploads\/2020\/09\/debitare-laser-cnc-cluj-3.jpg 1221w\" sizes=\"auto, (max-width: 1024px) 100vw, 1024px\" \/>\t\t\t\t\t\t\t\t\t\t\t\t\t\t<\/div>\n\t\t\t\t\t\t<\/div>\n\t\t\t\t<\/div>\n\t\t\t\t\t\t<\/div>\n\t\t\t\t\t<\/div>\n\t\t<\/div>\n\t\t\t\t<div class=\"elementor-column elementor-col-50 elementor-top-column elementor-element elementor-element-1f52b9a\" data-id=\"1f52b9a\" data-element_type=\"column\">\n\t\t\t<div class=\"elementor-column-wrap elementor-element-populated\">\n\t\t\t\t\t\t\t<div class=\"elementor-widget-wrap\">\n\t\t\t\t\t\t<div class=\"elementor-element elementor-element-c215359 elementor-widget elementor-widget-image\" data-id=\"c215359\" data-element_type=\"widget\" data-widget_type=\"image.default\">\n\t\t\t\t<div class=\"elementor-widget-container\">\n\t\t\t\t\t\t\t\t<div class=\"elementor-image\">\n\t\t\t\t\t\t\t\t\t\t\t\t<img loading=\"lazy\" decoding=\"async\" width=\"1024\" height=\"636\" src=\"https:\/\/rielacomimpex.ro\/wp-content\/uploads\/2020\/09\/debitare-laser-cnc-cluj-2-1024x636.jpg\" class=\"attachment-large size-large wp-image-1507\" alt=\"\" srcset=\"https:\/\/rielacomimpex.ro\/wp-content\/uploads\/2020\/09\/debitare-laser-cnc-cluj-2-1024x636.jpg 1024w, https:\/\/rielacomimpex.ro\/wp-content\/uploads\/2020\/09\/debitare-laser-cnc-cluj-2-300x186.jpg 300w, https:\/\/rielacomimpex.ro\/wp-content\/uploads\/2020\/09\/debitare-laser-cnc-cluj-2-768x477.jpg 768w, https:\/\/rielacomimpex.ro\/wp-content\/uploads\/2020\/09\/debitare-laser-cnc-cluj-2.jpg 1193w\" sizes=\"auto, (max-width: 1024px) 100vw, 1024px\" \/>\t\t\t\t\t\t\t\t\t\t\t\t\t\t<\/div>\n\t\t\t\t\t\t<\/div>\n\t\t\t\t<\/div>\n\t\t\t\t\t\t<\/div>\n\t\t\t\t\t<\/div>\n\t\t<\/div>\n\t\t\t\t\t\t\t\t<\/div>\n\t\t\t\t\t<\/div>\n\t\t<\/section>\n\t\t\t\t<section class=\"elementor-section elementor-top-section elementor-element elementor-element-e83a83b elementor-section-boxed elementor-section-height-default elementor-section-height-default\" data-id=\"e83a83b\" data-element_type=\"section\" data-settings=\"{&quot;background_background&quot;:&quot;classic&quot;}\">\n\t\t\t\t\t\t<div class=\"elementor-container elementor-column-gap-default\">\n\t\t\t\t\t\t\t<div class=\"elementor-row\">\n\t\t\t\t\t<div class=\"elementor-column elementor-col-100 elementor-top-column elementor-element elementor-element-2d36753\" data-id=\"2d36753\" data-element_type=\"column\">\n\t\t\t<div class=\"elementor-column-wrap elementor-element-populated\">\n\t\t\t\t\t\t\t<div class=\"elementor-widget-wrap\">\n\t\t\t\t\t\t<div class=\"elementor-element elementor-element-45ccc70 elementor-widget-divider--separator-type-pattern elementor-widget-divider--view-line elementor-widget elementor-widget-divider\" data-id=\"45ccc70\" data-element_type=\"widget\" data-widget_type=\"divider.default\">\n\t\t\t\t<div class=\"elementor-widget-container\">\n\t\t\t\t\t<div class=\"elementor-divider\" style=\"--divider-pattern-url: url(&quot;data:image\/svg+xml,%3Csvg xmlns=&#039;http:\/\/www.w3.org\/2000\/svg&#039; preserveAspectRatio=&#039;none&#039; overflow=&#039;visible&#039; height=&#039;100%&#039; viewBox=&#039;0 0 24 24&#039; fill=&#039;black&#039; stroke=&#039;none&#039;%3E%3Cpolygon points=&#039;9.4,2 24,2 14.6,21.6 0,21.6&#039;\/%3E%3C\/svg%3E&quot;);\">\n\t\t\t<span class=\"elementor-divider-separator\">\n\t\t\t\t\t\t<\/span>\n\t\t<\/div>\n\t\t\t\t<\/div>\n\t\t\t\t<\/div>\n\t\t\t\t\t\t<\/div>\n\t\t\t\t\t<\/div>\n\t\t<\/div>\n\t\t\t\t\t\t\t\t<\/div>\n\t\t\t\t\t<\/div>\n\t\t<\/section>\n\t\t\t\t<section class=\"elementor-section elementor-top-section elementor-element elementor-element-931fb36 elementor-section-boxed elementor-section-height-default elementor-section-height-default\" data-id=\"931fb36\" data-element_type=\"section\" data-settings=\"{&quot;background_background&quot;:&quot;classic&quot;}\">\n\t\t\t\t\t\t<div class=\"elementor-container elementor-column-gap-default\">\n\t\t\t\t\t\t\t<div class=\"elementor-row\">\n\t\t\t\t\t<div class=\"elementor-column elementor-col-50 elementor-top-column elementor-element elementor-element-159cc1e\" data-id=\"159cc1e\" data-element_type=\"column\">\n\t\t\t<div class=\"elementor-column-wrap elementor-element-populated\">\n\t\t\t\t\t\t\t<div class=\"elementor-widget-wrap\">\n\t\t\t\t\t\t<div class=\"elementor-element elementor-element-56eb3ba elementor-widget elementor-widget-text-editor\" data-id=\"56eb3ba\" data-element_type=\"widget\" data-widget_type=\"text-editor.default\">\n\t\t\t\t<div class=\"elementor-widget-container\">\n\t\t\t\t\t\t\t\t<div class=\"elementor-text-editor elementor-clearfix\">\n\t\t\t\t<p><strong>ByStar 4025 CO2 Laser:<\/strong><\/p><p>Dimensiuni de t\u0103iere:<\/p><p>Putere: 6 KW<\/p><p>Lungimemaxim\u0103: 6000 mm<\/p><p>L\u0103\u021bimemaxim\u0103: 2500 mm<\/p><p>Masa de t\u0103iere de 6000 x 2500 mm \u0219i 6 K w putere.<\/p>\t\t\t\t\t<\/div>\n\t\t\t\t\t\t<\/div>\n\t\t\t\t<\/div>\n\t\t\t\t\t\t<\/div>\n\t\t\t\t\t<\/div>\n\t\t<\/div>\n\t\t\t\t<div class=\"elementor-column elementor-col-50 elementor-top-column elementor-element elementor-element-3d67faf\" data-id=\"3d67faf\" data-element_type=\"column\">\n\t\t\t<div class=\"elementor-column-wrap elementor-element-populated\">\n\t\t\t\t\t\t\t<div class=\"elementor-widget-wrap\">\n\t\t\t\t\t\t<div class=\"elementor-element elementor-element-883fc5c elementor-widget elementor-widget-image\" data-id=\"883fc5c\" data-element_type=\"widget\" data-widget_type=\"image.default\">\n\t\t\t\t<div class=\"elementor-widget-container\">\n\t\t\t\t\t\t\t\t<div class=\"elementor-image\">\n\t\t\t\t\t\t\t\t\t\t\t\t<img decoding=\"async\" src=\"https:\/\/rielacomimpex.ro\/wp-content\/uploads\/elementor\/thumbs\/bystronic-bystar-l-fiber-laser-cutting-system-4025-80-500x500-1-rlyidnvjk1mabu8b4su96zxmb5khff9uc9xivb9ntc.jpg\" title=\"bystronic-bystar-l-fiber-laser-cutting-system-4025-80-500&#215;500\" alt=\"bystronic-bystar-l-fiber-laser-cutting-system-4025-80-500x500\" loading=\"lazy\" \/>\t\t\t\t\t\t\t\t\t\t\t\t\t\t<\/div>\n\t\t\t\t\t\t<\/div>\n\t\t\t\t<\/div>\n\t\t\t\t\t\t<\/div>\n\t\t\t\t\t<\/div>\n\t\t<\/div>\n\t\t\t\t\t\t\t\t<\/div>\n\t\t\t\t\t<\/div>\n\t\t<\/section>\n\t\t\t\t<section class=\"elementor-section elementor-top-section elementor-element elementor-element-bd53201 elementor-section-boxed elementor-section-height-default elementor-section-height-default\" data-id=\"bd53201\" data-element_type=\"section\" data-settings=\"{&quot;background_background&quot;:&quot;classic&quot;}\">\n\t\t\t\t\t\t<div class=\"elementor-container elementor-column-gap-default\">\n\t\t\t\t\t\t\t<div class=\"elementor-row\">\n\t\t\t\t\t<div class=\"elementor-column elementor-col-100 elementor-top-column elementor-element elementor-element-23dcbc2\" data-id=\"23dcbc2\" data-element_type=\"column\">\n\t\t\t<div class=\"elementor-column-wrap\">\n\t\t\t\t\t\t\t<div class=\"elementor-widget-wrap\">\n\t\t\t\t\t\t\t\t<\/div>\n\t\t\t\t\t<\/div>\n\t\t<\/div>\n\t\t\t\t\t\t\t\t<\/div>\n\t\t\t\t\t<\/div>\n\t\t<\/section>\n\t\t\t\t<section class=\"elementor-section elementor-top-section elementor-element elementor-element-d215dbb elementor-section-boxed elementor-section-height-default elementor-section-height-default\" data-id=\"d215dbb\" data-element_type=\"section\" data-settings=\"{&quot;background_background&quot;:&quot;classic&quot;}\">\n\t\t\t\t\t\t\t<div class=\"elementor-background-overlay\"><\/div>\n\t\t\t\t\t\t\t<div class=\"elementor-container elementor-column-gap-default\">\n\t\t\t\t\t\t\t<div class=\"elementor-row\">\n\t\t\t\t\t<div class=\"elementor-column elementor-col-100 elementor-top-column elementor-element elementor-element-4e48d11\" data-id=\"4e48d11\" data-element_type=\"column\">\n\t\t\t<div class=\"elementor-column-wrap elementor-element-populated\">\n\t\t\t\t\t\t\t<div class=\"elementor-widget-wrap\">\n\t\t\t\t\t\t<div class=\"elementor-element elementor-element-0eadc12 elementor-arrows-position-inside elementor-pagination-position-outside elementor-widget elementor-widget-image-carousel\" data-id=\"0eadc12\" data-element_type=\"widget\" data-settings=\"{&quot;slides_to_scroll&quot;:&quot;1&quot;,&quot;navigation&quot;:&quot;both&quot;,&quot;autoplay&quot;:&quot;yes&quot;,&quot;pause_on_hover&quot;:&quot;yes&quot;,&quot;pause_on_interaction&quot;:&quot;yes&quot;,&quot;autoplay_speed&quot;:5000,&quot;infinite&quot;:&quot;yes&quot;,&quot;speed&quot;:500}\" data-widget_type=\"image-carousel.default\">\n\t\t\t\t<div class=\"elementor-widget-container\">\n\t\t\t\t\t<div class=\"elementor-image-carousel-wrapper swiper-container\" dir=\"ltr\">\n\t\t\t<div class=\"elementor-image-carousel swiper-wrapper\">\n\t\t\t\t\t\t\t\t<div class=\"swiper-slide\"><figure class=\"swiper-slide-inner\"><img decoding=\"async\" class=\"swiper-slide-image\" src=\"https:\/\/rielacomimpex.ro\/wp-content\/uploads\/2020\/09\/debitare-laser-abkant-prelucrari-metale-cluj-4-300x200.jpg\" alt=\"debitare-laser-abkant-prelucrari-metale-cluj 4\" \/><\/figure><\/div><div class=\"swiper-slide\"><figure class=\"swiper-slide-inner\"><img decoding=\"async\" class=\"swiper-slide-image\" src=\"https:\/\/rielacomimpex.ro\/wp-content\/uploads\/2020\/09\/debitare-laser-abkant-prelucrari-metale-cluj-6-300x200.jpg\" alt=\"debitare-laser-abkant-prelucrari-metale-cluj 6\" \/><\/figure><\/div><div class=\"swiper-slide\"><figure class=\"swiper-slide-inner\"><img decoding=\"async\" class=\"swiper-slide-image\" src=\"https:\/\/rielacomimpex.ro\/wp-content\/uploads\/2020\/09\/debitare-laser-abkant-prelucrari-metale-cluj-2-300x200.jpg\" alt=\"debitare-laser-abkant-prelucrari-metale-cluj 2\" \/><\/figure><\/div>\t\t\t<\/div>\n\t\t\t\t\t\t\t\t\t\t\t\t<div class=\"swiper-pagination\"><\/div>\n\t\t\t\t\t\t\t\t\t\t\t\t\t<div class=\"elementor-swiper-button elementor-swiper-button-prev\">\n\t\t\t\t\t\t<i aria-hidden=\"true\" class=\"eicon-chevron-left\"><\/i>\t\t\t\t\t\t<span class=\"elementor-screen-only\">Previous<\/span>\n\t\t\t\t\t<\/div>\n\t\t\t\t\t<div class=\"elementor-swiper-button elementor-swiper-button-next\">\n\t\t\t\t\t\t<i aria-hidden=\"true\" class=\"eicon-chevron-right\"><\/i>\t\t\t\t\t\t<span class=\"elementor-screen-only\">Next<\/span>\n\t\t\t\t\t<\/div>\n\t\t\t\t\t\t\t\t\t<\/div>\n\t\t\t\t<\/div>\n\t\t\t\t<\/div>\n\t\t\t\t\t\t<\/div>\n\t\t\t\t\t<\/div>\n\t\t<\/div>\n\t\t\t\t\t\t\t\t<\/div>\n\t\t\t\t\t<\/div>\n\t\t<\/section>\n\t\t\t\t<section class=\"elementor-section elementor-top-section elementor-element elementor-element-0f61571 elementor-section-boxed elementor-section-height-default elementor-section-height-default\" data-id=\"0f61571\" data-element_type=\"section\" data-settings=\"{&quot;background_background&quot;:&quot;classic&quot;}\">\n\t\t\t\t\t\t<div class=\"elementor-container elementor-column-gap-default\">\n\t\t\t\t\t\t\t<div class=\"elementor-row\">\n\t\t\t\t\t<div class=\"elementor-column elementor-col-100 elementor-top-column elementor-element elementor-element-a6b6628\" data-id=\"a6b6628\" data-element_type=\"column\">\n\t\t\t<div class=\"elementor-column-wrap elementor-element-populated\">\n\t\t\t\t\t\t\t<div class=\"elementor-widget-wrap\">\n\t\t\t\t\t\t<div class=\"elementor-element elementor-element-b639003 elementor-widget elementor-widget-spacer\" data-id=\"b639003\" data-element_type=\"widget\" data-widget_type=\"spacer.default\">\n\t\t\t\t<div class=\"elementor-widget-container\">\n\t\t\t\t\t<div class=\"elementor-spacer\">\n\t\t\t<div class=\"elementor-spacer-inner\"><\/div>\n\t\t<\/div>\n\t\t\t\t<\/div>\n\t\t\t\t<\/div>\n\t\t\t\t\t\t<\/div>\n\t\t\t\t\t<\/div>\n\t\t<\/div>\n\t\t\t\t\t\t\t\t<\/div>\n\t\t\t\t\t<\/div>\n\t\t<\/section>\n\t\t\t\t\t\t\t\t\t<\/div>\n\t\t\t<\/div>\n\t\t\t\t\t<\/div>","protected":false},"excerpt":{"rendered":"<p>DEBITARE LASER CNC Cu noua tehnologie laser fibr\u0103, consumul de energie se \u00eembun\u0103t\u0103\u021be\u0219te&nbsp;considerabil. Eficien\u021ba este 3 ori mai mare dec\u00e2t cea a laserului CO2 datorit\u0103&nbsp;faptului c\u0103 nu are nevoie de o \u00eenc\u0103lzire prealabil\u0103 a sursei de laser. Bysprint Fiber Laser cu ByTranssiByTower: Dimensiuni de t\u0103iere: Putere: 3 KW Lungimemaxim\u0103: 3000 mm L\u0103\u021bimemaxim\u0103: 1500 mm Domeniile [&hellip;]<\/p>","protected":false},"author":1,"featured_media":0,"parent":0,"menu_order":0,"comment_status":"closed","ping_status":"closed","template":"template-page-builders.php","meta":{"footnotes":""},"class_list":["post-1400","page","type-page","status-publish","hentry"],"_links":{"self":[{"href":"https:\/\/rielacomimpex.ro\/en\/wp-json\/wp\/v2\/pages\/1400","targetHints":{"allow":["GET"]}}],"collection":[{"href":"https:\/\/rielacomimpex.ro\/en\/wp-json\/wp\/v2\/pages"}],"about":[{"href":"https:\/\/rielacomimpex.ro\/en\/wp-json\/wp\/v2\/types\/page"}],"author":[{"embeddable":true,"href":"https:\/\/rielacomimpex.ro\/en\/wp-json\/wp\/v2\/users\/1"}],"replies":[{"embeddable":true,"href":"https:\/\/rielacomimpex.ro\/en\/wp-json\/wp\/v2\/comments?post=1400"}],"version-history":[{"count":25,"href":"https:\/\/rielacomimpex.ro\/en\/wp-json\/wp\/v2\/pages\/1400\/revisions"}],"predecessor-version":[{"id":1763,"href":"https:\/\/rielacomimpex.ro\/en\/wp-json\/wp\/v2\/pages\/1400\/revisions\/1763"}],"wp:attachment":[{"href":"https:\/\/rielacomimpex.ro\/en\/wp-json\/wp\/v2\/media?parent=1400"}],"curies":[{"name":"wp","href":"https:\/\/api.w.org\/{rel}","templated":true}]}}